{"id":444,"date":"2020-02-20T09:13:23","date_gmt":"2020-02-20T09:13:23","guid":{"rendered":"https:\/\/querida.qodeinteractive.com\/?page_id=444"},"modified":"2022-09-29T09:53:44","modified_gmt":"2022-09-29T09:53:44","slug":"kontakt","status":"publish","type":"page","link":"https:\/\/www.chalet-ahornblick.at\/en\/kontakt\/","title":{"rendered":"Contact"},"content":{"rendered":"<div data-elementor-type=\"wp-page\" data-elementor-id=\"444\" class=\"elementor elementor-444\" data-elementor-post-type=\"page\">\n\t\t\t\t\t\t<section class=\"elementor-section elementor-top-section elementor-element elementor-element-e2744e7 elementor-section-stretched qodef-elementor-content-grid elementor-section-boxed elementor-section-height-default elementor-section-height-default\" data-id=\"e2744e7\" data-element_type=\"section\" data-e-type=\"section\" data-settings=\"{&quot;stretch_section&quot;:&quot;section-stretched&quot;,&quot;background_background&quot;:&quot;classic&quot;}\">\n\t\t\t\t\t\t<div class=\"elementor-container elementor-column-gap-default\">\n\t\t\t\t\t<div class=\"elementor-column elementor-col-100 elementor-top-column elementor-element elementor-element-00fd8f8\" data-id=\"00fd8f8\" data-element_type=\"column\" data-e-type=\"column\">\n\t\t\t<div class=\"elementor-widget-wrap\">\n\t\t\t\t\t\t\t<\/div>\n\t\t<\/div>\n\t\t\t\t\t<\/div>\n\t\t<\/section>\n\t\t\t\t<section class=\"elementor-section elementor-top-section elementor-element elementor-element-3b18968 elementor-section-stretched qodef-elementor-content-grid elementor-section-boxed elementor-section-height-default elementor-section-height-default\" data-id=\"3b18968\" data-element_type=\"section\" data-e-type=\"section\" data-settings=\"{&quot;stretch_section&quot;:&quot;section-stretched&quot;,&quot;background_background&quot;:&quot;classic&quot;}\">\n\t\t\t\t\t\t<div class=\"elementor-container elementor-column-gap-default\">\n\t\t\t\t\t<div class=\"elementor-column elementor-col-33 elementor-top-column elementor-element elementor-element-a423875\" data-id=\"a423875\" data-element_type=\"column\" data-e-type=\"column\">\n\t\t\t<div class=\"elementor-widget-wrap elementor-element-populated\">\n\t\t\t\t\t\t<section class=\"elementor-section elementor-inner-section elementor-element elementor-element-54e57c7 elementor-section-boxed elementor-section-height-default elementor-section-height-default qodef-elementor-content-no\" data-id=\"54e57c7\" data-element_type=\"section\" data-e-type=\"section\">\n\t\t\t\t\t\t<div class=\"elementor-container elementor-column-gap-default\">\n\t\t\t\t\t<div class=\"elementor-column elementor-col-50 elementor-inner-column elementor-element elementor-element-6cceac3\" data-id=\"6cceac3\" data-element_type=\"column\" data-e-type=\"column\">\n\t\t\t<div class=\"elementor-widget-wrap elementor-element-populated\">\n\t\t\t\t\t\t<div class=\"elementor-element elementor-element-6e72de0 elementor-widget elementor-widget-image\" data-id=\"6e72de0\" data-element_type=\"widget\" data-e-type=\"widget\" data-widget_type=\"image.default\">\n\t\t\t\t<div class=\"elementor-widget-container\">\n\t\t\t\t\t\t\t\t\t\t\t\t\t\t\t<img fetchpriority=\"high\" decoding=\"async\" width=\"512\" height=\"258\" src=\"https:\/\/www.chalet-ahornblick.at\/wp-content\/uploads\/2022\/03\/Chalet-Ahornblick-colour-1-e1662538287918.png\" class=\"attachment-full size-full wp-image-5669\" alt=\"\" \/>\t\t\t\t\t\t\t\t\t\t\t\t\t\t\t<\/div>\n\t\t\t\t<\/div>\n\t\t\t\t\t<\/div>\n\t\t<\/div>\n\t\t\t\t<div class=\"elementor-column elementor-col-50 elementor-inner-column elementor-element elementor-element-26876b7\" data-id=\"26876b7\" data-element_type=\"column\" data-e-type=\"column\">\n\t\t\t<div class=\"elementor-widget-wrap elementor-element-populated\">\n\t\t\t\t\t\t<div class=\"elementor-element elementor-element-0585b32 elementor-widget elementor-widget-text-editor\" data-id=\"0585b32\" data-element_type=\"widget\" data-e-type=\"widget\" data-widget_type=\"text-editor.default\">\n\t\t\t\t<div class=\"elementor-widget-container\">\n\t\t\t\t\t\t\t\t\t<p>Do you have any questions or suggestions? Just send us an email. We will be happy to take care of your request and booking and we look forward to welcoming you soon!<\/p>\t\t\t\t\t\t\t\t<\/div>\n\t\t\t\t<\/div>\n\t\t\t\t\t<\/div>\n\t\t<\/div>\n\t\t\t\t\t<\/div>\n\t\t<\/section>\n\t\t\t\t\t<\/div>\n\t\t<\/div>\n\t\t\t\t<div class=\"elementor-column elementor-col-33 elementor-top-column elementor-element elementor-element-0c9e28f\" data-id=\"0c9e28f\" data-element_type=\"column\" data-e-type=\"column\">\n\t\t\t<div class=\"elementor-widget-wrap elementor-element-populated\">\n\t\t\t\t\t\t<div class=\"elementor-element elementor-element-b30d73d elementor-align-center elementor-widget elementor-widget-button\" data-id=\"b30d73d\" data-element_type=\"widget\" data-e-type=\"widget\" data-widget_type=\"button.default\">\n\t\t\t\t<div class=\"elementor-widget-container\">\n\t\t\t\t\t\t\t\t\t<div class=\"elementor-button-wrapper\">\n\t\t\t\t\t<a class=\"elementor-button elementor-button-link elementor-size-sm\" href=\"mailto:booking@3sd.at\">\n\t\t\t\t\t\t<span class=\"elementor-button-content-wrapper\">\n\t\t\t\t\t\t\t\t\t<span class=\"elementor-button-text\">email contact<\/span>\n\t\t\t\t\t<\/span>\n\t\t\t\t\t<\/a>\n\t\t\t\t<\/div>\n\t\t\t\t\t\t\t\t<\/div>\n\t\t\t\t<\/div>\n\t\t\t\t\t<\/div>\n\t\t<\/div>\n\t\t\t\t<div class=\"elementor-column elementor-col-33 elementor-top-column elementor-element elementor-element-5a1ac4a\" data-id=\"5a1ac4a\" data-element_type=\"column\" data-e-type=\"column\">\n\t\t\t<div class=\"elementor-widget-wrap\">\n\t\t\t\t\t\t\t<\/div>\n\t\t<\/div>\n\t\t\t\t\t<\/div>\n\t\t<\/section>\n\t\t\t\t<section class=\"elementor-section elementor-top-section elementor-element elementor-element-046ffd6 elementor-section-boxed elementor-section-height-default elementor-section-height-default qodef-elementor-content-no\" data-id=\"046ffd6\" data-element_type=\"section\" data-e-type=\"section\">\n\t\t\t\t\t\t<div class=\"elementor-container elementor-column-gap-default\">\n\t\t\t\t\t<div class=\"elementor-column elementor-col-100 elementor-top-column elementor-element elementor-element-561c2a4\" data-id=\"561c2a4\" data-element_type=\"column\" data-e-type=\"column\">\n\t\t\t<div class=\"elementor-widget-wrap elementor-element-populated\">\n\t\t\t\t\t\t<div class=\"elementor-element elementor-element-dadc21b elementor-widget elementor-widget-querida_core_section_title\" data-id=\"dadc21b\" data-element_type=\"widget\" data-e-type=\"widget\" data-widget_type=\"querida_core_section_title.default\">\n\t\t\t\t<div class=\"elementor-widget-container\">\n\t\t\t\t\t<div class=\"qodef-shortcode qodef-m  qodef-section-title qodef-alignment--left qodef-title-break--disabled\">\n\t\t<h1 class=\"qodef-m-title translation-block\" style=\"color: #000000\"><span class=\"qodef-m-title-row qodef--appear\">\n\t\t\t\t\tOur Team welcomes<\/span><br><span class=\"qodef-m-title-row qodef--appear\">you to Chalet <span class=\"qodef-m-hightlight\"><span>Ahornblick.<\/span><\/span><\/span><br><span class=\"qodef-m-title-row qodef--appear\">\t\t\t<\/span><br><\/h1>\n\t<\/div>\t\t\t\t<\/div>\n\t\t\t\t<\/div>\n\t\t\t\t<section class=\"elementor-section elementor-inner-section elementor-element elementor-element-0c143fe elementor-section-boxed elementor-section-height-default elementor-section-height-default qodef-elementor-content-no\" data-id=\"0c143fe\" data-element_type=\"section\" data-e-type=\"section\">\n\t\t\t\t\t\t<div class=\"elementor-container elementor-column-gap-default\">\n\t\t\t\t\t<div class=\"elementor-column elementor-col-100 elementor-inner-column elementor-element elementor-element-66c562b\" data-id=\"66c562b\" data-element_type=\"column\" data-e-type=\"column\">\n\t\t\t<div class=\"elementor-widget-wrap elementor-element-populated\">\n\t\t\t\t\t\t<div class=\"elementor-element elementor-element-bfa35dc elementor-widget elementor-widget-text-editor\" data-id=\"bfa35dc\" data-element_type=\"widget\" data-e-type=\"widget\" data-widget_type=\"text-editor.default\">\n\t\t\t\t<div class=\"elementor-widget-container\">\n\t\t\t\t\t\t\t\t\t<p>We would be delighted if you chose our apartments as the place for your next holiday! Our team will make sure that your stay at Chalet Ahornblick is perfect, from the moment you book until your departure. Do you need something else in your holiday apartment that you cannot find in our guest store? Or would you like a recommendation for your next excursion or lunch? Just let us know.<\/p>\t\t\t\t\t\t\t\t<\/div>\n\t\t\t\t<\/div>\n\t\t\t\t\t<\/div>\n\t\t<\/div>\n\t\t\t\t\t<\/div>\n\t\t<\/section>\n\t\t\t\t\t<\/div>\n\t\t<\/div>\n\t\t\t\t\t<\/div>\n\t\t<\/section>\n\t\t\t\t<\/div>","protected":false},"excerpt":{"rendered":"<p>Haben Sie Fragen oder Anregungen? Schreiben Sie uns einfach eine E-Mail. Wir k\u00fcmmern uns gern um Ihr Anliegen und Ihre Buchung und freuen uns, Sie bald bei uns zu begr\u00fc\u00dfen! eMail Kontakt Unser Team begr\u00fc\u00dft Sie im Chalet Ahornblick. Wir freuen uns, wenn Sie unsere Apartments als Ort f\u00fcr Ihren n\u00e4chsten Urlaub ausw\u00e4hlen! Unser Team [&hellip;]<\/p>\n","protected":false},"author":1,"featured_media":0,"parent":0,"menu_order":0,"comment_status":"closed","ping_status":"closed","template":"","meta":{"iawp_total_views":469,"footnotes":""},"class_list":["post-444","page","type-page","status-publish","hentry"],"yoast_head":"<!-- This site is optimized with the Yoast SEO plugin v26.8 - https:\/\/yoast.com\/product\/yoast-seo-wordpress\/ -->\n<title>Kontakt - Chalet Ahornblick<\/title>\n<meta name=\"robots\" content=\"index, follow, max-snippet:-1, max-image-preview:large, max-video-preview:-1\" \/>\n<link rel=\"canonical\" href=\"https:\/\/www.chalet-ahornblick.at\/en\/kontakt\/\" \/>\n<meta property=\"og:locale\" content=\"en_GB\" \/>\n<meta property=\"og:type\" content=\"article\" \/>\n<meta property=\"og:title\" content=\"Kontakt - Chalet Ahornblick\" \/>\n<meta property=\"og:description\" content=\"Haben Sie Fragen oder Anregungen? Schreiben Sie uns einfach eine E-Mail. Wir k\u00fcmmern uns gern um Ihr Anliegen und Ihre Buchung und freuen uns, Sie bald bei uns zu begr\u00fc\u00dfen! eMail Kontakt Unser Team begr\u00fc\u00dft Sie im Chalet Ahornblick. Wir freuen uns, wenn Sie unsere Apartments als Ort f\u00fcr Ihren n\u00e4chsten Urlaub ausw\u00e4hlen! Unser Team [&hellip;]\" \/>\n<meta property=\"og:url\" content=\"https:\/\/www.chalet-ahornblick.at\/en\/kontakt\/\" \/>\n<meta property=\"og:site_name\" content=\"Chalet Ahornblick\" \/>\n<meta property=\"article:modified_time\" content=\"2022-09-29T09:53:44+00:00\" \/>\n<meta property=\"og:image\" content=\"https:\/\/chalet-ahornblick.at\/wp-content\/uploads\/2022\/03\/Chalet-Ahornblick-colour-1.png\" \/>\n<meta name=\"twitter:card\" content=\"summary_large_image\" \/>\n<meta name=\"twitter:label1\" content=\"Estimated reading time\" \/>\n\t<meta name=\"twitter:data1\" content=\"1 minute\" \/>\n<script type=\"application\/ld+json\" class=\"yoast-schema-graph\">{\"@context\":\"https:\/\/schema.org\",\"@graph\":[{\"@type\":\"WebPage\",\"@id\":\"https:\/\/www.chalet-ahornblick.at\/kontakt\/\",\"url\":\"https:\/\/www.chalet-ahornblick.at\/kontakt\/\",\"name\":\"Kontakt - Chalet Ahornblick\",\"isPartOf\":{\"@id\":\"https:\/\/www.chalet-ahornblick.at\/#website\"},\"primaryImageOfPage\":{\"@id\":\"https:\/\/www.chalet-ahornblick.at\/kontakt\/#primaryimage\"},\"image\":{\"@id\":\"https:\/\/www.chalet-ahornblick.at\/kontakt\/#primaryimage\"},\"thumbnailUrl\":\"https:\/\/chalet-ahornblick.at\/wp-content\/uploads\/2022\/03\/Chalet-Ahornblick-colour-1.png\",\"datePublished\":\"2020-02-20T09:13:23+00:00\",\"dateModified\":\"2022-09-29T09:53:44+00:00\",\"breadcrumb\":{\"@id\":\"https:\/\/www.chalet-ahornblick.at\/kontakt\/#breadcrumb\"},\"inLanguage\":\"en-GB\",\"potentialAction\":[{\"@type\":\"ReadAction\",\"target\":[\"https:\/\/www.chalet-ahornblick.at\/kontakt\/\"]}]},{\"@type\":\"ImageObject\",\"inLanguage\":\"en-GB\",\"@id\":\"https:\/\/www.chalet-ahornblick.at\/kontakt\/#primaryimage\",\"url\":\"https:\/\/chalet-ahornblick.at\/wp-content\/uploads\/2022\/03\/Chalet-Ahornblick-colour-1.png\",\"contentUrl\":\"https:\/\/chalet-ahornblick.at\/wp-content\/uploads\/2022\/03\/Chalet-Ahornblick-colour-1.png\"},{\"@type\":\"BreadcrumbList\",\"@id\":\"https:\/\/www.chalet-ahornblick.at\/kontakt\/#breadcrumb\",\"itemListElement\":[{\"@type\":\"ListItem\",\"position\":1,\"name\":\"Startseite\",\"item\":\"https:\/\/www.chalet-ahornblick.at\/\"},{\"@type\":\"ListItem\",\"position\":2,\"name\":\"Kontakt\"}]},{\"@type\":\"WebSite\",\"@id\":\"https:\/\/www.chalet-ahornblick.at\/#website\",\"url\":\"https:\/\/www.chalet-ahornblick.at\/\",\"name\":\"chalet-ahornblick.at\",\"description\":\"Erleben Sie das Zillertal!\",\"publisher\":{\"@id\":\"https:\/\/www.chalet-ahornblick.at\/#organization\"},\"alternateName\":\"chalet-ahornblick\",\"potentialAction\":[{\"@type\":\"SearchAction\",\"target\":{\"@type\":\"EntryPoint\",\"urlTemplate\":\"https:\/\/www.chalet-ahornblick.at\/?s={search_term_string}\"},\"query-input\":{\"@type\":\"PropertyValueSpecification\",\"valueRequired\":true,\"valueName\":\"search_term_string\"}}],\"inLanguage\":\"en-GB\"},{\"@type\":\"Organization\",\"@id\":\"https:\/\/www.chalet-ahornblick.at\/#organization\",\"name\":\"Schweinberger Vermietung GmbH\",\"alternateName\":\"Schweinberger Vermietung GmbH\",\"url\":\"https:\/\/www.chalet-ahornblick.at\/\",\"logo\":{\"@type\":\"ImageObject\",\"inLanguage\":\"en-GB\",\"@id\":\"https:\/\/www.chalet-ahornblick.at\/#\/schema\/logo\/image\/\",\"url\":\"https:\/\/www.chalet-ahornblick.at\/wp-content\/uploads\/2023\/10\/s_vermietung_logo.png\",\"contentUrl\":\"https:\/\/www.chalet-ahornblick.at\/wp-content\/uploads\/2023\/10\/s_vermietung_logo.png\",\"width\":4632,\"height\":2848,\"caption\":\"Schweinberger Vermietung GmbH\"},\"image\":{\"@id\":\"https:\/\/www.chalet-ahornblick.at\/#\/schema\/logo\/image\/\"}}]}<\/script>\n<!-- \/ Yoast SEO plugin. -->","yoast_head_json":{"title":"Kontakt - Chalet Ahornblick","robots":{"index":"index","follow":"follow","max-snippet":"max-snippet:-1","max-image-preview":"max-image-preview:large","max-video-preview":"max-video-preview:-1"},"canonical":"https:\/\/www.chalet-ahornblick.at\/en\/kontakt\/","og_locale":"en_GB","og_type":"article","og_title":"Kontakt - Chalet Ahornblick","og_description":"Haben Sie Fragen oder Anregungen? Schreiben Sie uns einfach eine E-Mail. Wir k\u00fcmmern uns gern um Ihr Anliegen und Ihre Buchung und freuen uns, Sie bald bei uns zu begr\u00fc\u00dfen! eMail Kontakt Unser Team begr\u00fc\u00dft Sie im Chalet Ahornblick. Wir freuen uns, wenn Sie unsere Apartments als Ort f\u00fcr Ihren n\u00e4chsten Urlaub ausw\u00e4hlen! Unser Team [&hellip;]","og_url":"https:\/\/www.chalet-ahornblick.at\/en\/kontakt\/","og_site_name":"Chalet Ahornblick","article_modified_time":"2022-09-29T09:53:44+00:00","og_image":[{"url":"https:\/\/chalet-ahornblick.at\/wp-content\/uploads\/2022\/03\/Chalet-Ahornblick-colour-1.png","type":"","width":"","height":""}],"twitter_card":"summary_large_image","twitter_misc":{"Estimated reading time":"1 minute"},"schema":{"@context":"https:\/\/schema.org","@graph":[{"@type":"WebPage","@id":"https:\/\/www.chalet-ahornblick.at\/kontakt\/","url":"https:\/\/www.chalet-ahornblick.at\/kontakt\/","name":"Kontakt - Chalet Ahornblick","isPartOf":{"@id":"https:\/\/www.chalet-ahornblick.at\/#website"},"primaryImageOfPage":{"@id":"https:\/\/www.chalet-ahornblick.at\/kontakt\/#primaryimage"},"image":{"@id":"https:\/\/www.chalet-ahornblick.at\/kontakt\/#primaryimage"},"thumbnailUrl":"https:\/\/chalet-ahornblick.at\/wp-content\/uploads\/2022\/03\/Chalet-Ahornblick-colour-1.png","datePublished":"2020-02-20T09:13:23+00:00","dateModified":"2022-09-29T09:53:44+00:00","breadcrumb":{"@id":"https:\/\/www.chalet-ahornblick.at\/kontakt\/#breadcrumb"},"inLanguage":"en-GB","potentialAction":[{"@type":"ReadAction","target":["https:\/\/www.chalet-ahornblick.at\/kontakt\/"]}]},{"@type":"ImageObject","inLanguage":"en-GB","@id":"https:\/\/www.chalet-ahornblick.at\/kontakt\/#primaryimage","url":"https:\/\/chalet-ahornblick.at\/wp-content\/uploads\/2022\/03\/Chalet-Ahornblick-colour-1.png","contentUrl":"https:\/\/chalet-ahornblick.at\/wp-content\/uploads\/2022\/03\/Chalet-Ahornblick-colour-1.png"},{"@type":"BreadcrumbList","@id":"https:\/\/www.chalet-ahornblick.at\/kontakt\/#breadcrumb","itemListElement":[{"@type":"ListItem","position":1,"name":"Startseite","item":"https:\/\/www.chalet-ahornblick.at\/"},{"@type":"ListItem","position":2,"name":"Kontakt"}]},{"@type":"WebSite","@id":"https:\/\/www.chalet-ahornblick.at\/#website","url":"https:\/\/www.chalet-ahornblick.at\/","name":"chalet-ahornblick.at","description":"Erleben Sie das Zillertal!","publisher":{"@id":"https:\/\/www.chalet-ahornblick.at\/#organization"},"alternateName":"chalet-ahornblick","potentialAction":[{"@type":"SearchAction","target":{"@type":"EntryPoint","urlTemplate":"https:\/\/www.chalet-ahornblick.at\/?s={search_term_string}"},"query-input":{"@type":"PropertyValueSpecification","valueRequired":true,"valueName":"search_term_string"}}],"inLanguage":"en-GB"},{"@type":"Organization","@id":"https:\/\/www.chalet-ahornblick.at\/#organization","name":"Schweinberger Vermietung GmbH","alternateName":"Schweinberger Vermietung GmbH","url":"https:\/\/www.chalet-ahornblick.at\/","logo":{"@type":"ImageObject","inLanguage":"en-GB","@id":"https:\/\/www.chalet-ahornblick.at\/#\/schema\/logo\/image\/","url":"https:\/\/www.chalet-ahornblick.at\/wp-content\/uploads\/2023\/10\/s_vermietung_logo.png","contentUrl":"https:\/\/www.chalet-ahornblick.at\/wp-content\/uploads\/2023\/10\/s_vermietung_logo.png","width":4632,"height":2848,"caption":"Schweinberger Vermietung GmbH"},"image":{"@id":"https:\/\/www.chalet-ahornblick.at\/#\/schema\/logo\/image\/"}}]}},"_links":{"self":[{"href":"https:\/\/www.chalet-ahornblick.at\/en\/wp-json\/wp\/v2\/pages\/444","targetHints":{"allow":["GET"]}}],"collection":[{"href":"https:\/\/www.chalet-ahornblick.at\/en\/wp-json\/wp\/v2\/pages"}],"about":[{"href":"https:\/\/www.chalet-ahornblick.at\/en\/wp-json\/wp\/v2\/types\/page"}],"author":[{"embeddable":true,"href":"https:\/\/www.chalet-ahornblick.at\/en\/wp-json\/wp\/v2\/users\/1"}],"replies":[{"embeddable":true,"href":"https:\/\/www.chalet-ahornblick.at\/en\/wp-json\/wp\/v2\/comments?post=444"}],"version-history":[{"count":45,"href":"https:\/\/www.chalet-ahornblick.at\/en\/wp-json\/wp\/v2\/pages\/444\/revisions"}],"predecessor-version":[{"id":6086,"href":"https:\/\/www.chalet-ahornblick.at\/en\/wp-json\/wp\/v2\/pages\/444\/revisions\/6086"}],"wp:attachment":[{"href":"https:\/\/www.chalet-ahornblick.at\/en\/wp-json\/wp\/v2\/media?parent=444"}],"curies":[{"name":"wp","href":"https:\/\/api.w.org\/{rel}","templated":true}]}}